{"id":3117,"date":"2025-08-30T20:01:53","date_gmt":"2025-08-30T18:01:53","guid":{"rendered":"http:\/\/scp\/?page_id=3117"},"modified":"2025-08-30T20:01:53","modified_gmt":"2025-08-30T18:01:53","slug":"drzavna-matura","status":"publish","type":"page","link":"https:\/\/www.scp.hr\/en\/redovna-nastava\/drzavna-matura\/","title":{"rendered":"National Graduation Exam"},"content":{"rendered":"<body><p><a href=\"https:\/\/www.ncvvo.hr\/\" target=\"_blank\" rel=\"noopener noreferrer\">Posjetite stranice www.ncvvo.hr<\/a><\/p>\n\n\n\n<p><strong>Ispitni koordinator: Kristina Petras\u00a0<\/strong><\/p>\n\n\n\n<p><strong>Termini informacija:\u00a0<\/strong><\/p>\n\n\n\n<p>UJUTRO: \u010detvrtak od 8:45 do 9:25, A2-1<\/p>\n\n\n\n<p>POPODNE: ponedjeljak od 15:30 do 16:10, A2-1<\/p>\n\n\n\n<p>Raspored odr\u017eavanja priprema za dr\u017eavnu maturu 2020.\/2021.<\/p>\n\n\n\n<figure class=\"wp-block-table\"><table class=\"has-fixed-layout\"><tbody><tr><td>\u00a0<\/td><td colspan=\"4\">Pripreme za dr\u017eavnu maturu<\/td><\/tr><tr><td colspan=\"2\">Predmet<\/td><td>Nastavnik\/ica<\/td><td>U\u010dionica<\/td><td>Vrijeme<\/td><\/tr><tr><td colspan=\"2\">Matematika \u2013 osnovna i vi\u0161a razina<\/td><td>Kristina Petras, prof.<\/td><td>\u00a0Online u istoj grupi na Yammeru<\/td><td>ponedjeljkom od 9:30 do 10:50\u00a0 \u00a0 \u00a0 \u00a0 \u00a0 \u00a0 \u00a0 \u00a0 \u00a0 \u00a0 (kada je nastava u popodnevnoj smjeni)<\/td><\/tr><tr><td colspan=\"2\">Njema\u010dki jezik \u2013 vi\u0161a razina<\/td><td>Marina Kataleni\u0107, prof.<\/td><td>Online na Yammeru<\/td><td>ponedjeljkom od 17:00 do 17:40 (kada je nastava u \u0161koli u jutarnjoj smjeni)\u00a0ponedjeljkom od 13.15 do 13:55 (kada je nastava u popodnevnoj smjeni)<\/td><\/tr><tr><td colspan=\"2\">Hrvatski jezik (osnovna razina)<\/td><td>Ljiljana \u0160utalo Zori\u0107, prof.<\/td><td>Online na Yammeru\u00a0<\/td><td>ponedjeljkom od 13:30 do 14:55 (kada je nastava u \u0161koli u jutarnjoj smjeni)utorkom od 19:30 do 20:55 (kada je nastava u \u0161koli u popodnevnoj smjeni)<\/td><\/tr><tr><td colspan=\"2\">Hrvatski jezik (vi\u0161a razina)<\/td><td>Josip Sraka, prof.<\/td><td>Online na Yammeru\u00a0<\/td><td>\u010detvrtkom od 13:30. do 14:55 (kada je nastava u \u0161koli u jutarnjoj smjeni)utorkom od 19:30 do 20:55 (kada je nastava u \u0161koli u popodnevnoj smjeni)<br>\u00a0<\/td><\/tr><\/tbody><\/table><\/figure>\n\n\n\n<p><a href=\"https:\/\/scp.hr\/file\/Dr%C5%BEavna%20matura%20-%20va%C5%BCni%20datumi.pdf\" target=\"_blank\" rel=\"noopener noreferrer\">Dr\u017eavna matura \u2013 va\u017eni datumi.pdf<\/a><\/p>\n\n\n\n<p><a href=\"http:\/\/dokumenti.ncvvo.hr\/Drzavna_matura\/2013-01-07\/pravilnik_polaganja_dm_2013.pdf\" target=\"_blank\" rel=\"noopener noreferrer\">Pravilnik o polaganju dr\u017eavne mature<\/a><\/p>\n<\/body>","protected":false},"excerpt":{"rendered":"<p>Posjetite stranice www.ncvvo.hr Ispitni koordinator: Kristina Petras\u00a0 Termini informacija:\u00a0 UJUTRO: \u010detvrtak od 8:45 do 9:25, A2-1 POPODNE: ponedjeljak od 15:30 do 16:10, A2-1 Raspored odr\u017eavanja priprema za dr\u017eavnu maturu 2020.\/2021. \u00a0 Pripreme za dr\u017eavnu maturu Predmet Nastavnik\/ica U\u010dionica Vrijeme Matematika \u2013 osnovna i vi\u0161a razina Kristina Petras, prof. \u00a0Online u istoj grupi na Yammeru ponedjeljkom [&hellip;]<\/p>\n","protected":false},"author":1,"featured_media":0,"parent":2954,"menu_order":0,"comment_status":"closed","ping_status":"closed","template":"","meta":{"_acf_changed":false,"_locale":"en_US","_original_post":"https:\/\/scp.hr\/?page_id=1811","footnotes":""},"class_list":["post-3117","page","type-page","status-publish","hentry","en-US"],"acf":[],"_links":{"self":[{"href":"https:\/\/www.scp.hr\/wp-json\/wp\/v2\/pages\/3117","targetHints":{"allow":["GET"]}}],"collection":[{"href":"https:\/\/www.scp.hr\/wp-json\/wp\/v2\/pages"}],"about":[{"href":"https:\/\/www.scp.hr\/wp-json\/wp\/v2\/types\/page"}],"author":[{"embeddable":true,"href":"https:\/\/www.scp.hr\/wp-json\/wp\/v2\/users\/1"}],"replies":[{"embeddable":true,"href":"https:\/\/www.scp.hr\/wp-json\/wp\/v2\/comments?post=3117"}],"version-history":[{"count":1,"href":"https:\/\/www.scp.hr\/wp-json\/wp\/v2\/pages\/3117\/revisions"}],"predecessor-version":[{"id":3118,"href":"https:\/\/www.scp.hr\/wp-json\/wp\/v2\/pages\/3117\/revisions\/3118"}],"up":[{"embeddable":true,"href":"https:\/\/www.scp.hr\/wp-json\/wp\/v2\/pages\/2954"}],"wp:attachment":[{"href":"https:\/\/www.scp.hr\/wp-json\/wp\/v2\/media?parent=3117"}],"curies":[{"name":"wp","href":"https:\/\/api.w.org\/{rel}","templated":true}]}}