{"id":3012,"date":"2025-08-29T12:14:38","date_gmt":"2025-08-29T10:14:38","guid":{"rendered":"http:\/\/scp\/?page_id=3012"},"modified":"2025-08-29T12:14:38","modified_gmt":"2025-08-29T10:14:38","slug":"programi-obrazovanja","status":"publish","type":"page","link":"https:\/\/www.scp.hr\/en\/redovna-nastava\/programi-obrazovanja\/","title":{"rendered":"Education Programs"},"content":{"rendered":"<body><p>Tehni\u010dar cestovnog prometa<\/p>\n\n\n\n<p>Tehni\u010dar za logistiku i \u0161pediciju<\/p>\n\n\n\n<p>Voza\u010d motornog vozila<\/p>\n\n\n\n<p>\u010cetverogodi\u0161nji strukovni program<\/p>\n\n\n\n<p>Trogodi\u0161nji strukovni program<\/p>\n<\/body>","protected":false},"excerpt":{"rendered":"<p>Tehni\u010dar cestovnog prometa Tehni\u010dar za logistiku i \u0161pediciju Voza\u010d motornog vozila \u010cetverogodi\u0161nji strukovni program Trogodi\u0161nji strukovni program<\/p>\n","protected":false},"author":1,"featured_media":0,"parent":2954,"menu_order":0,"comment_status":"closed","ping_status":"closed","template":"","meta":{"_acf_changed":false,"_locale":"en_US","_original_post":"https:\/\/scp.hr\/?page_id=525","footnotes":""},"class_list":["post-3012","page","type-page","status-publish","hentry","en-US"],"acf":[],"_links":{"self":[{"href":"https:\/\/www.scp.hr\/wp-json\/wp\/v2\/pages\/3012","targetHints":{"allow":["GET"]}}],"collection":[{"href":"https:\/\/www.scp.hr\/wp-json\/wp\/v2\/pages"}],"about":[{"href":"https:\/\/www.scp.hr\/wp-json\/wp\/v2\/types\/page"}],"author":[{"embeddable":true,"href":"https:\/\/www.scp.hr\/wp-json\/wp\/v2\/users\/1"}],"replies":[{"embeddable":true,"href":"https:\/\/www.scp.hr\/wp-json\/wp\/v2\/comments?post=3012"}],"version-history":[{"count":1,"href":"https:\/\/www.scp.hr\/wp-json\/wp\/v2\/pages\/3012\/revisions"}],"predecessor-version":[{"id":3013,"href":"https:\/\/www.scp.hr\/wp-json\/wp\/v2\/pages\/3012\/revisions\/3013"}],"up":[{"embeddable":true,"href":"https:\/\/www.scp.hr\/wp-json\/wp\/v2\/pages\/2954"}],"wp:attachment":[{"href":"https:\/\/www.scp.hr\/wp-json\/wp\/v2\/media?parent=3012"}],"curies":[{"name":"wp","href":"https:\/\/api.w.org\/{rel}","templated":true}]}}